{"id":299,"date":"2020-08-27T06:21:03","date_gmt":"2020-08-27T06:21:03","guid":{"rendered":"https:\/\/galavil.es\/?page_id=299"},"modified":"2020-08-27T06:26:54","modified_gmt":"2020-08-27T06:26:54","slug":"politicas-de-privacidad","status":"publish","type":"page","link":"https:\/\/palagan.es\/index.php\/politicas-de-privacidad\/","title":{"rendered":"Pol\u00edticas de Privacidad"},"content":{"rendered":"<p>Cuando usted nos facilita informaci\u00f3n de car\u00e1cter personal a trav\u00e9s de <a href=\"https:\/\/palagan.es\/\"><strong>palagan.es<\/strong><\/a> (en adelante, el \u201cSitio Web\u201d), respetaremos su intimidad y los derechos que le reconoce la normativa sobre protecci\u00f3n de datos de car\u00e1cter personal. Por ello, es importante que entienda que informaci\u00f3n recabamos acerca de usted durante su visita y qu\u00e9 hacemos con dicha informaci\u00f3n. Su visita al Sitio Web est\u00e1 sujeta a la presente Pol\u00edtica sobre Tratamiento de Datos Personales.<\/p>\n<p>No comunicaremos a terceros su informaci\u00f3n de car\u00e1cter personal, salvo en la forma establecida en esta Pol\u00edtica sobre Privacidad y Tratamiento de Datos o en los avisos establecidos para cada supuesto en que se recojan sus datos personales.<\/p>\n<p>El \u00a8Sitio Web\u00a8 podr\u00e1 revelar cualquier informaci\u00f3n, incluyendo datos de car\u00e1cter personal, que considere necesaria para dar cumplimiento a las obligaciones legales.<\/p>\n<p>El \u00a8Sitio Web\u00a8 NO RECABARA INFORMACI\u00d3N PERSONAL ACERCA DE USTED A MENOS QUE TENGA LA EDAD PERMITIDA EN SU PA\u00cdS PARA VISITAR\/INTERACTUAR\/CONSUMIR EL TIPO DE CONTENIDOS Y PRODUCTOS OFRECIDOS EN ESTE SITIO. DEBER\u00c1 ABSTENERSE DE PROPORCIONARNOS ESTA INFORMACI\u00d3N SI USTED NO CUMPLE CON LAS CONDICIONES LEGALES EN SU PA\u00cdS.<\/p>\n<ol>\n<li><strong>Recogida y Uso de la Informaci\u00f3n:<\/strong> Al facilitarnos sus datos de car\u00e1cter personal en el \u00a8Sitio Web\u00a8, est\u00e1 expresando su aceptaci\u00f3n al tratamiento y comunicaci\u00f3n de sus datos personales en la forma contemplada en esta Pol\u00edtica sobre Tratamiento de Datos Personales. Si prefiere que este Sitio Web no recabe informaci\u00f3n personal acerca de usted, rogamos que no nos la facilite. Este \u00a8Sitio Web\u00a8 podr\u00e1 usar la informaci\u00f3n de car\u00e1cter personal que nos facilite de forma disociada (sin identificaci\u00f3n personal) para fines internos, como puede ser la elaboraci\u00f3n de estad\u00edsticas. As\u00ed, este \u00a8Sitio Web\u00a8 podr\u00e1 recabar, almacenar o acumular determinada informaci\u00f3n de car\u00e1cter no personal referente a su uso del Sitio, como por ejemplo aquella informaci\u00f3n que indique cu\u00e1les de nuestras p\u00e1ginas son m\u00e1s populares.<\/li>\n<li><strong>Cookies y Archivos de Registro:<\/strong> El \u00a8Sitio Web\u00a8 podr\u00e1 colocar una \u201ccookie\u201d en el disco duro de su ordenador a fin de reconocerlo como usuario recurrente y personalizar su uso del \u00a8Sitio Web\u00a8. La cookie se guardar\u00e1 en el disco duro de su ordenador hasta que usted la elimine. Podr\u00e1 hacer que su navegador le avise de la presencia de cookies o que los rechace autom\u00e1ticamente. Si rechaza las cookies podr\u00e1 seguir usando el \u00a8Sitio Web\u00a8, si bien ello podr\u00e1 suponer la limitaci\u00f3n en el uso de algunas de las prestaciones o impedir el buen funcionamiento del \u00a8Sitio Web\u00a8.<\/li>\n<li><strong>Terceros:<\/strong> El Sitio Web podr\u00e1 contratar a terceros para que desempe\u00f1en funciones en su nombre en relaci\u00f3n con los fines para los que se puedan recoger sus datos personales, como, por ejemplo, analizar la informaci\u00f3n proporcionada, alojar sitios web o prestar servicios integrados de log\u00edstica. Dichos terceros podr\u00e1n tener acceso a la informaci\u00f3n de car\u00e1cter personal necesaria para el desempe\u00f1o de sus funciones, si bien no podr\u00e1n utilizar dicha informaci\u00f3n para ning\u00fan otro fin y regularemos nuestras relaciones con tales terceros en la manera exigida por la normativa aplicable sobre protecci\u00f3n de datos de car\u00e1cter personal. Este \u00a8Sitio Web\u00a8 utiliza las herramientas de medici\u00f3n de audiencia de Google Analytics, Google Adwords y otras herramientas de monitoreo de actividad de usuarios, incluyendo tracking de afiliados, que permiten analizar el comportamiento y perfil de los visitantes an\u00f3nimos, con el objetivo de mejorar el funcionamiento del sitio, esta medici\u00f3n utiliza cookies de tercera parte. Nuestro \u00a8Sitio Web\u00a8 podr\u00e1 utilizar servidores publicitarios (tales como DoubleClick, Google Adsense), con el fin de facilitar contenidos publicitarios que el usuario visualiza en nuestras p\u00e1ginas. Dichos servidores publicitarios, utilizan cookies que le permiten adaptar los contenidos publicitarios a los perfiles demogr\u00e1ficos de los usuarios.<\/li>\n<li><strong>Enlaces:<\/strong> El \u00a8Sitio Web\u00a8 podr\u00e1 contener enlaces a\/o desde otros sitios web. Debe saber que este \u00a8Sitio Web\u00a8, el\/los autores de los contenidos de este \u00a8Sitio Web\u00a8, ni a la empresa propietaria del mismo y\/o ninguno de sus accionistas, directores, empleados, afiliados o la persona propietaria del nombre de dominio no se responsabilizan de las pr\u00e1cticas que, en materia de tratamiento de datos personales, siguen otros sitios web. La presente Pol\u00edtica sobre Tratamiento de Datos Personales es de aplicaci\u00f3n solamente a la informaci\u00f3n que recabamos en este \u00a8Sitio Web\u00a8. Le aconsejamos leer las pol\u00edticas sobre tratamiento de datos personales de otros sitios web con los que enlace a\/o desde nuestro \u00a8Sitio Web\u00a8 o que visite de otra forma.<\/li>\n<li><strong>Seguridad:<\/strong> Este Sitio Web ha implantado diversas medidas para proteger la seguridad de su informaci\u00f3n personal, tanto \u201conline\u201d como \u201coffline\u201d.<\/li>\n<li><strong>Notificaci\u00f3n de Cambios:<\/strong> La presente Pol\u00edtica sobre Tratamiento de Datos Personales podr\u00e1 ser modificada por este \u00a8Sitio Web\u00a8 en cualquier momento y se entender\u00e1 vigente a partir de dicho momento. En dicho caso, se incluir\u00e1 la pol\u00edtica revisada en este Sitio.<\/li>\n<li><strong>Derechos de Acceso, Rectificaci\u00f3n, Cancelaci\u00f3n y Oposici\u00f3n:<\/strong> Tiene usted derecho a ejercitar sus derechos de acceso, rectificaci\u00f3n o cancelaci\u00f3n de sus datos u oponerse al tratamiento de sus datos personales, comunic\u00e1ndolo por escrito a <a href=\"mailto: https:\/\/palagan.es\/\">info@palagan.es<\/a>\u00a0con el asunto: Dar de baja suscripci\u00f3n.<\/li>\n<li><strong>Responsable del Fichero:<\/strong> <a href=\"https:\/\/palagan.es\/\">palagan.es<\/a>, ser\u00e1 responsable del fichero o ficheros que contengan la informaci\u00f3n que usted nos facilite.<\/li>\n<\/ol>\n","protected":false},"excerpt":{"rendered":"<p>Cuando usted nos facilita informaci\u00f3n de car\u00e1cter personal a trav\u00e9s de palagan.es (en adelante, el \u201cSitio Web\u201d), respetaremos su intimidad y los derechos que le reconoce la normativa sobre protecci\u00f3n de datos de car\u00e1cter personal. Por ello, es importante que entienda que informaci\u00f3n recabamos acerca de usted durante su visita y qu\u00e9 hacemos con dicha [&hellip;]<\/p>\n","protected":false},"author":2,"featured_media":0,"parent":0,"menu_order":0,"comment_status":"closed","ping_status":"closed","template":"","meta":{"footnotes":""},"class_list":["post-299","page","type-page","status-publish","hentry"],"_links":{"self":[{"href":"https:\/\/palagan.es\/index.php\/wp-json\/wp\/v2\/pages\/299","targetHints":{"allow":["GET"]}}],"collection":[{"href":"https:\/\/palagan.es\/index.php\/wp-json\/wp\/v2\/pages"}],"about":[{"href":"https:\/\/palagan.es\/index.php\/wp-json\/wp\/v2\/types\/page"}],"author":[{"embeddable":true,"href":"https:\/\/palagan.es\/index.php\/wp-json\/wp\/v2\/users\/2"}],"replies":[{"embeddable":true,"href":"https:\/\/palagan.es\/index.php\/wp-json\/wp\/v2\/comments?post=299"}],"version-history":[{"count":7,"href":"https:\/\/palagan.es\/index.php\/wp-json\/wp\/v2\/pages\/299\/revisions"}],"predecessor-version":[{"id":301,"href":"https:\/\/palagan.es\/index.php\/wp-json\/wp\/v2\/pages\/299\/revisions\/301"}],"wp:attachment":[{"href":"https:\/\/palagan.es\/index.php\/wp-json\/wp\/v2\/media?parent=299"}],"curies":[{"name":"wp","href":"https:\/\/api.w.org\/{rel}","templated":true}]}}