{"id":307,"date":"2020-08-27T06:36:27","date_gmt":"2020-08-27T06:36:27","guid":{"rendered":"https:\/\/galavil.es\/?page_id=307"},"modified":"2020-08-27T06:38:01","modified_gmt":"2020-08-27T06:38:01","slug":"aviso-legal","status":"publish","type":"page","link":"https:\/\/palagan.es\/index.php\/aviso-legal\/","title":{"rendered":"Aviso Legal"},"content":{"rendered":"<h3>1. AVISO LEGAL Y T\u00c9RMINOS DE USO<\/h3>\n<p>En cumplimiento con el deber de informaci\u00f3n recogido en art\u00edculo 10 de la Ley 34\/2002, de 11 de julio, de Servicios de la Sociedad de la Informaci\u00f3n y del Comercio Electr\u00f3nico, a continuaci\u00f3n, se hace constar:<\/p>\n<h4>1.1. Datos identificativos del responsable.<\/h4>\n<p>En cumplimiento de la Ley 34\/2002, de 11 de julio, de servicios de la sociedad de la informaci\u00f3n y de comercio electr\u00f3nico, le informa que:<\/p>\n<p>Su denominaci\u00f3n social es: <a href=\"https:\/\/palagan.es\/\">palagan.es<\/a><\/p>\n<p>Su actividad social es: Formaci\u00f3n y Consultor\u00eda a Empresas<\/p>\n<h4>1.2. Finalidad de la p\u00e1gina web.<\/h4>\n<p>Las actividades ejercidas por el responsable de la p\u00e1gina web es la venta de servicios y contenidos para fines profesionales, formativos e informativos. As\u00ed como los servicios relacionados que se soliciten mediante el formulario de contacto.<\/p>\n<h4>1.3. Usuarios:<\/h4>\n<p>El acceso y\/o uso de este sitio web atribuye la condici\u00f3n de USUARIO, que acepta, desde dicho acceso y\/o uso, los presentes t\u00e9rminos de uso, no obstante, por el mero uso de la p\u00e1gina web no significa el inicio de relaci\u00f3n laboral\/comercial alguna.<\/p>\n<h3>1.4. Uso del sitio web y captura de la informaci\u00f3n.<\/h3>\n<h4>1.4.1 Uso del Sitio WEB.<\/h4>\n<p><a href=\"https:\/\/palagan.es\/\">palagan.es<\/a> proporciona el acceso a productos, informaciones y datos (en adelante, \u201clos contenidos\u201d) propiedad del equipo de editores y colaboradores. El USUARIO asume la responsabilidad del uso de la web.<\/p>\n<p>El USUARIO se compromete a hacer un uso adecuado de los contenidos que ofrece a trav\u00e9s de su web y con car\u00e1cter enunciativo pero no limitativo, al no emplearlos para:<\/p>\n<ul>\n<li>(i) incurrir en actividades il\u00edcitas, ilegales o contrarias a la buena fe y al orden p\u00fablico;<\/li>\n<li>(ii) difundir contenidos o propaganda de car\u00e1cter racista, xen\u00f3fobo, pornogr\u00e1fico-ilegal, de apolog\u00eda del terrorismo o atentatorio contra los derechos humanos;<\/li>\n<li>(iii) provocar da\u00f1os en los sistemas f\u00edsicos y l\u00f3gicos de kabaadiredecora.com, de sus proveedores o de terceras personas, introducir o difundir en la red virus inform\u00e1ticos o cualesquiera otros sistemas f\u00edsicos o l\u00f3gicos que sean susceptibles de provocar los da\u00f1os anteriormente mencionados;<\/li>\n<li>(iv) intentar acceder y, en su caso, utilizar las cuentas de correo electr\u00f3nico de otros usuarios y modificar o manipular sus mensajes.<\/li>\n<\/ul>\n<p><a href=\"https:\/\/palagan.es\/\">palagan.es<\/a> se reserva el derecho de retirar todos aquellos comentarios y aportaciones que vulneren el respeto a la dignidad de la persona, que sean discriminatorios, xen\u00f3fobos, racistas, pornogr\u00e1ficos, que atenten contra la juventud o la infancia, el orden o la seguridad p\u00fablica o que, a su juicio, no resultaran adecuados para su publicaci\u00f3n.<\/p>\n<p>En cualquier caso, <a href=\"https:\/\/palagan.es\/\">palagan.es<\/a> no ser\u00e1 responsable de las opiniones vertidas por los usuarios a trav\u00e9s del blog u otras herramientas de participaci\u00f3n que puedan crearse, conforme a lo previsto en la normativa de aplicaci\u00f3n.<\/p>\n<h4>1.4.2 Captura de Informaci\u00f3n.<\/h4>\n<ul>\n<li>\u2013 Formulario de contacto, donde el USUARIO deber\u00e1 rellenar el campo de correo electr\u00f3nico, asunto y nombre.<\/li>\n<li>\u2013 Formulario de suscripci\u00f3n, rellenando el USUARIO \u00fanicamente el campo de nombre y correo electr\u00f3nico<\/li>\n<li>\u2013 Comentarios en la p\u00e1gina web, donde para su uso es necesario la inclusi\u00f3n de nombre y correo electr\u00f3nico.<\/li>\n<li>\u2013 Cookies de rastreo, conforme a las siguientes reglas:<\/li>\n<li>\u2013 Navegaci\u00f3n y Direcci\u00f3n IP: Al navegar por esta web, el usuario facilita de forma autom\u00e1tica al servidor de la web informaci\u00f3n relativa a tu direcci\u00f3n IP, fecha y hora de acceso, el hiperv\u00ednculo que le ha reenviado a \u00e9stas, tu sistema operativo y el navegador utilizado. La Agencia Espa\u00f1ola de Protecci\u00f3n de Datos considera la IP como dato de car\u00e1cter personal. Esta web no utilizar\u00e1 la IP para identificar a sus usuarios, estos datos ser\u00e1n guardados y utilizados \u00fanicamente para el control y realizaci\u00f3n de estad\u00edsticas de acceso y visitas a la web, para analizar tendencias, administrar el sitio, y para recopilar informaci\u00f3n demogr\u00e1fica sobre nuestra base de usuarios en su conjunto. En ning\u00fan caso ser\u00e1n comunicados o cedidos a terceros.<\/li>\n<\/ul>\n<p>A pesar de lo anterior, los usuarios podr\u00e1n darse de baja en cualquier momento de los servicios prestados por <a href=\"https:\/\/palagan.es\/\">palagan.es<\/a> o datos aportados por el USUARIO dando cumplimiento a la normativa vigente sobre Protecci\u00f3n de Datos. Asimismo, tanto al suscribirse a este blog como al realizar alg\u00fan comentario en cualquiera de sus p\u00e1ginas y\/o entradas, el usuario consiente:<\/p>\n<p>El tratamiento de sus datos personales en el entorno de WordPress conforme a sus pol\u00edticas de privacidad.<\/p>\n<p>El acceso de <a href=\"https:\/\/palagan.es\/\">palagan.es<\/a> a los datos que, de acuerdo con la infraestructura de wordpress, necesite el usuario aportar bien para la suscripci\u00f3n al blog bien para realizar y\/o recibir comentarios en el mismo.<\/p>\n<p>Asimismo, informamos que la informaci\u00f3n de nuestros usuarios est\u00e1 protegida de acuerdo a nuestra pol\u00edtica de privacidad (a continuaci\u00f3n del texto en el apartado 2).<\/p>\n<p>Al activar una suscripci\u00f3n, formulario de contacto o comentario, el usuario comprende y acepta que:<\/p>\n<p>Desde el momento en que efect\u00faa su suscripci\u00f3n, <a href=\"https:\/\/palagan.es\/\">palagan.es<\/a> tiene acceso a:<\/p>\n<p>Nombre de usuario y correo electr\u00f3nico, conformando un fichero debidamente inscrito en el Registro General de la Agencia Espa\u00f1ola de Protecci\u00f3n de Datos con el nombre de \u201cUSUARIOS y SUSCRIPTORES WEB\u201d<\/p>\n<p>En todo caso <a href=\"https:\/\/palagan.es\/\">palagan.es<\/a> se reserva el derecho de modificar, en cualquier momento y sin necesidad de previo aviso, la presentaci\u00f3n y configuraci\u00f3n de la web <a href=\"https:\/\/palagan.es\/\">palagan.es<\/a> como el presente aviso legal.<\/p>\n<h3>2. PROPIEDAD INTELECTUAL E INDUSTRIAL<\/h3>\n<p><a href=\"https:\/\/palagan.es\/\">palagan.es<\/a> y sus colaboradores por s\u00ed o como cesionario, es titular de todos los derechos de propiedad intelectual e industrial de su p\u00e1gina web, as\u00ed como de los elementos contenidos en la misma (a t\u00edtulo enunciativo, im\u00e1genes, sonido, audio, v\u00eddeo, software o textos; marcas o logotipos, combinaciones de colores, estructura y dise\u00f1o, selecci\u00f3n de materiales usados, programas de ordenador necesarios para su funcionamiento, acceso y uso, etc.) titularidad de <a href=\"https:\/\/palagan.es\/\">palagan.es<\/a> o bien de sus licenciantes. Todos los derechos reservados.<\/p>\n<p>Cualquier uso no autorizado previamente por <a href=\"https:\/\/palagan.es\/\">palagan.es<\/a> ser\u00e1 considerado un incumplimiento grave de los derechos de propiedad intelectual o industrial del autor.<\/p>\n<p>Quedan expresamente prohibidas la reproducci\u00f3n, la distribuci\u00f3n y la comunicaci\u00f3n p\u00fablica, incluida su modalidad de puesta a disposici\u00f3n, de la totalidad o parte de los contenidos de esta p\u00e1gina web, con fines comerciales, en cualquier soporte y por cualquier medio t\u00e9cnico, sin la autorizaci\u00f3n de <a href=\"https:\/\/palagan.es\/\">palagan.es<\/a><\/p>\n<p>El USUARIO se compromete a respetar los derechos de Propiedad Intelectual e Industrial titularidad de <a href=\"https:\/\/palagan.es\/\">palagan.es<\/a>. Podr\u00e1 visualizar los elementos de la web e incluso imprimirlos, copiarlos y almacenarlos en el disco duro de su ordenador o en cualquier otro soporte f\u00edsico siempre y cuando sea, \u00fanica y exclusivamente, para su uso personal y privado. El USUARIO deber\u00e1 abstenerse de suprimir, alterar, eludir o manipular cualquier dispositivo de protecci\u00f3n o sistema de seguridad que estuviera instalado en las p\u00e1ginas de <a href=\"https:\/\/palagan.es\/\">palagan.es<\/a><\/p>\n<h3>3. EXCLUSI\u00d3N DE GARANT\u00cdAS Y RESPONSABILIDAD.<\/h3>\n<p><a href=\"https:\/\/palagan.es\/\">palagan.es<\/a> no se hace responsable, en ning\u00fan caso, de los da\u00f1os y perjuicios de cualquier naturaleza que pudieran ocasionar, a t\u00edtulo enunciativo: por errores u omisiones en los contenidos, por falta de disponibilidad del sitio web \u2013 el cual realizar\u00e1 paradas peri\u00f3dicas por mantenimientos t\u00e9cnicos \u2013 as\u00ed como por la transmisi\u00f3n de virus o programas maliciosos o lesivos en los contenidos, a pesar de haber adoptado todas las medidas tecnol\u00f3gicas necesarias para evitarlo.<\/p>\n<h3>4.MODIFICACIONES.<\/h3>\n<p><a href=\"https:\/\/palagan.es\/\">palagan.es<\/a> se reserva el derecho de efectuar sin previo aviso las modificaciones que considere oportunas en su web, pudiendo cambiar, suprimir o a\u00f1adir tanto los contenidos y servicios que se presten a trav\u00e9s de la misma como la forma en la que \u00e9stos aparezcan presentados o localizados en su web.<\/p>\n<h3>5. POL\u00cdTICA DE ENLACES.<\/h3>\n<p>Las personas o entidades que pretendan realizar o realicen un hiperenlace desde una p\u00e1gina web de otro portal de Internet a la web de <a href=\"https:\/\/palagan.es\/\">palagan.es<\/a> deber\u00e1 someterse a las siguientes condiciones:<\/p>\n<ul>\n<li>\u2013 No se permite la reproducci\u00f3n total o parcial de ninguno de los servicios ni contenidos del sitio web sin la previa autorizaci\u00f3n expresa de <a href=\"https:\/\/palagan.es\/\">palagan.es<\/a><\/li>\n<li>\u2013 No se establecer\u00e1n deep-links ni enlaces IMG o de imagen, ni frames con la web de <a href=\"https:\/\/palagan.es\/\">palagan.es<\/a> sin su previa autorizaci\u00f3n expresa.<\/li>\n<li>\u2013 No se establecer\u00e1 ninguna manifestaci\u00f3n falsa, inexacta o incorrecta sobre la web de <a href=\"https:\/\/palagan.es\/\">palagan.es<\/a>, ni sobre los servicios o contenidos de la misma. Salvo aquellos signos que formen parte del hiperv\u00ednculo, la p\u00e1gina web en la que se establezca no contendr\u00e1 ninguna marca, nombre comercial, r\u00f3tulo de establecimiento, denominaci\u00f3n, logotipo, eslogan u otros signos distintivos pertenecientes a <a href=\"https:\/\/palagan.es\/\">palagan.es<\/a>, salvo autorizaci\u00f3n expresa de \u00e9ste.<\/li>\n<li>\u2013 El establecimiento del hiperv\u00ednculo no implicar\u00e1 la existencia de relaciones entre <a href=\"https:\/\/palagan.es\/\">palagan.es<\/a> y el titular de la p\u00e1gina web o del portal desde el cual se realice, ni el conocimiento y aceptaci\u00f3n de <a href=\"https:\/\/palagan.es\/\">palagan.es<\/a> de los servicios y contenidos ofrecidos en dicha p\u00e1gina web o portal.<\/li>\n<li>\u2013 <a href=\"https:\/\/palagan.es\/\">palagan.es<\/a> no ser\u00e1 responsable de los contenidos o servicios puestos a disposici\u00f3n del p\u00fablico en la p\u00e1gina web o portal desde el cual se realice el hiperv\u00ednculo, ni de las informaciones y manifestaciones incluidas en los mismos.<\/li>\n<\/ul>\n<p>El sitio web de <a href=\"https:\/\/palagan.es\/\">palagan.es<\/a> puede poner a disposici\u00f3n del usuario conexiones y enlaces a otros sitios web gestionados y controlados por terceros. Dichos enlaces tienen como exclusiva funci\u00f3n, la de facilitar a los usuarios la b\u00fasqueda de informaci\u00f3n, contenidos y servicios en Internet, sin que en ning\u00fan caso pueda considerarse una sugerencia, recomendaci\u00f3n o invitaci\u00f3n para la visita de los mismos.<\/p>\n<p><a href=\"https:\/\/palagan.es\/\">palagan.es<\/a> no comercializa, ni dirige, ni controla previamente, ni hace propios los contenidos, servicios, informaciones y manifestaciones disponibles en dichos sitios web.<\/p>\n<p><a href=\"https:\/\/palagan.es\/\">palagan.es<\/a> no asume ning\u00fan tipo de responsabilidad, ni siquiera de forma indirecta o subsidiaria, por los da\u00f1os y perjuicios de toda clase que pudieran derivarse del acceso, mantenimiento, uso, calidad, licitud, fiabilidad y utilidad de los contenidos, informaciones, comunicaciones, opiniones, manifestaciones, productos y servicios existentes u ofrecidos en los sitios web no gestionados por <a href=\"https:\/\/palagan.es\/\">palagan.es<\/a> y que resulten accesibles a trav\u00e9s de <a href=\"https:\/\/palagan.es\/\">palagan.es<\/a><\/p>\n<h3>6. DERECHO DE EXCLUSI\u00d3N.<\/h3>\n<p><a href=\"https:\/\/palagan.es\/\">palagan.es<\/a> se reserva el derecho a denegar o retirar el acceso al portal y\/o los servicios ofrecidos sin necesidad de preaviso, a instancia propia o de un tercero, a aquellos usuarios que incumplan las presentes Condiciones Generales de Uso.<\/p>\n<h3>7. GENERALIDADES.<\/h3>\n<p><a href=\"https:\/\/palagan.es\/\">palagan.es<\/a> perseguir\u00e1 el incumplimiento de las presentes condiciones, as\u00ed como cualquier utilizaci\u00f3n indebida de su web ejerciendo todas las acciones civiles y penales que le puedan corresponder en derecho.<\/p>\n<h3>8. MODIFICACI\u00d3N DE LAS PRESENTES CONDICIONES Y DURACI\u00d3N.<\/h3>\n<p><a href=\"https:\/\/palagan.es\/\">palagan.es<\/a> podr\u00e1 modificar en cualquier momento las condiciones aqu\u00ed determinadas, siendo debidamente publicadas como aqu\u00ed aparecen. La vigencia de las citadas condiciones ir\u00e1 en funci\u00f3n de su exposici\u00f3n y estar\u00e1n vigentes hasta que sean modificadas por otras debidamente publicadas.<\/p>\n<h3>9. LEGISLACI\u00d3N APLICABLE Y JURISDICCI\u00d3N.<\/h3>\n<p>La relaci\u00f3n entre <a href=\"https:\/\/palagan.es\/\">palagan.es<\/a> y el USUARIO se regir\u00e1 por la normativa espa\u00f1ola vigente y cualquier controversia se someter\u00e1 a los Juzgados y tribunales de la ciudad de Valencia, salvo que la Ley aplicable disponga otra cosa.<\/p>\n","protected":false},"excerpt":{"rendered":"<p>1. AVISO LEGAL Y T\u00c9RMINOS DE USO En cumplimiento con el deber de informaci\u00f3n recogido en art\u00edculo 10 de la Ley 34\/2002, de 11 de julio, de Servicios de la Sociedad de la Informaci\u00f3n y del Comercio Electr\u00f3nico, a continuaci\u00f3n, se hace constar: 1.1. Datos identificativos del responsable. En cumplimiento de la Ley 34\/2002, de [&hellip;]<\/p>\n","protected":false},"author":2,"featured_media":0,"parent":0,"menu_order":0,"comment_status":"closed","ping_status":"closed","template":"","meta":{"footnotes":""},"class_list":["post-307","page","type-page","status-publish","hentry"],"_links":{"self":[{"href":"https:\/\/palagan.es\/index.php\/wp-json\/wp\/v2\/pages\/307","targetHints":{"allow":["GET"]}}],"collection":[{"href":"https:\/\/palagan.es\/index.php\/wp-json\/wp\/v2\/pages"}],"about":[{"href":"https:\/\/palagan.es\/index.php\/wp-json\/wp\/v2\/types\/page"}],"author":[{"embeddable":true,"href":"https:\/\/palagan.es\/index.php\/wp-json\/wp\/v2\/users\/2"}],"replies":[{"embeddable":true,"href":"https:\/\/palagan.es\/index.php\/wp-json\/wp\/v2\/comments?post=307"}],"version-history":[{"count":3,"href":"https:\/\/palagan.es\/index.php\/wp-json\/wp\/v2\/pages\/307\/revisions"}],"predecessor-version":[{"id":309,"href":"https:\/\/palagan.es\/index.php\/wp-json\/wp\/v2\/pages\/307\/revisions\/309"}],"wp:attachment":[{"href":"https:\/\/palagan.es\/index.php\/wp-json\/wp\/v2\/media?parent=307"}],"curies":[{"name":"wp","href":"https:\/\/api.w.org\/{rel}","templated":true}]}}