{"id":311,"date":"2020-08-27T06:44:45","date_gmt":"2020-08-27T06:44:45","guid":{"rendered":"https:\/\/galavil.es\/?page_id=311"},"modified":"2020-08-27T06:45:53","modified_gmt":"2020-08-27T06:45:53","slug":"condiciones-generales-y-terminos-de-uso","status":"publish","type":"page","link":"https:\/\/palagan.es\/index.php\/condiciones-generales-y-terminos-de-uso\/","title":{"rendered":"Condiciones Generales y T\u00e9rminos de Uso"},"content":{"rendered":"<p>Hemos puesto todo nuestro esfuerzo en el dise\u00f1o de un sitio Web \u00fatil, informativo, f\u00e1cil de usar, honesto y divertido. Esperamos haberlo conseguido, y le pedimos que no dude en hacernos llegar cualquier comentario acerca de mejoras o cambios que considere que pudieran hacer que sea a\u00fan m\u00e1s f\u00e1cil encontrar la informaci\u00f3n que desea. Le rogamos se atenga a las siguientes Condiciones de Uso.<\/p>\n<p>T\u00f3mese un tiempo para revisarlas, porque al usar nuestro sitio Web, se compromete a cumplirlas. Obviamente, si no est\u00e1 de acuerdo con ellas, simplemente no acceda a nuestra Web. Nos reservamos el derecho a realizar en un futuro cualquier cambio que consideremos necesario. Venga de forma regular a esta p\u00e1gina para comprobar si ha habido alg\u00fan cambio. Si tras un cambio, usted sigue utilizando este Sitio Web, se entender\u00e1 que est\u00e1 de acuerdo con las modificaciones realizadas en estas Condiciones de Uso.<\/p>\n<p>\u00a1Muchas gracias por visitarnos!<\/p>\n<h3>Condiciones de env\u00edo productos f\u00edsicos.<\/h3>\n<p><a href=\"https:\/\/palagan.es\/\">palagan.es<\/a> se reserva el derecho de enviar pedidos de productos f\u00edsicos por el medio de trasporte m\u00e1s adecuado en cada momento seg\u00fan su criterio. Los gastos de env\u00edo est\u00e1n calculados para la Pen\u00ednsula. El resto de destinos (Ceuta, Melilla, e Islas) consultar condiciones aduaneras.<\/p>\n<p>Portes: Los gastos de env\u00edo no est\u00e1n incluidos y ser\u00e1n por cuenta del cliente. Estos gastos son los indicados en la web y aparecer\u00e1n debidamente detallados en los productos. Los portes son calculados autom\u00e1ticamente al finalizar el pedido.<\/p>\n<h3>Plazos de entrega.<\/h3>\n<p>Los pedidos ser\u00e1n enviados inmediatamente y usted dispondr\u00e1 del producto en los siguientes plazos:<\/p>\n<ul>\n<li>Espa\u00f1a peninsular: de 2 a 3 d\u00edas h\u00e1biles.<\/li>\n<li>Islas Baleares: de 3 a 5 d\u00edas h\u00e1biles.<\/li>\n<\/ul>\n<p>Si desea que su pedido sea enviado por una agencia de transportes concreta, por favor, notif\u00edque v\u00eda email o tel\u00e9fono y gustosamente atenderemos su caso en particular.<\/p>\n<p>Los plazos de entrega indicados son a t\u00edtulo orientativo y <a href=\"https:\/\/palagan.es\/\">palagan.es<\/a> se esforzar\u00e1 en respetarlos; no obstante, al tratarse de un servicio ofrecido por terceros, su demora no implica la anulaci\u00f3n del pedido ni indemnizaci\u00f3n alguna.<\/p>\n<h3>Devoluciones y\/o Reembolsos.<\/h3>\n<p>Los productos f\u00edsicos comercializados en la p\u00e1gina web <a href=\"https:\/\/palagan.es\/\">palagan.es<\/a> conceden el derecho de devoluci\u00f3n en los siete d\u00edas siguientes a la recepci\u00f3n del pedido, siempre y cuando \u00e9stos se encuentren en perfecto estado y sean devueltos en su embalaje original; pasado este plazo no podremos admitir devoluciones.<\/p>\n<p><a href=\"https:\/\/palagan.es\/\">palagan.es<\/a> no ofrece reembolsos de productos digitales. Una vez que tienes acceso a los contenidos o realizo el env\u00edo de archivos, la venta es final.<\/p>\n<h3>Condiciones generales de venta:<\/h3>\n<h5>1. Aceptaci\u00f3n de las Condiciones Generales de Contrataci\u00f3n.<\/h5>\n<p>La utilizaci\u00f3n o contrataci\u00f3n de los productos y\/o servicios ofrecidos en <a href=\"https:\/\/palagan.es\/\">palagan.es<\/a> supone la aceptaci\u00f3n de las siguientes condiciones generales de venta. Las compras realizadas en este sitio web quedan sometidas a la normativa vigente.<\/p>\n<h5>2. Precios y portes.<\/h5>\n<p>Los precios de los servicios o productos mostrados en <a href=\"https:\/\/palagan.es\/\">palagan.es<\/a> no incluyen los gastos de env\u00edo. Aparecen convenientemente descritos en la web y ser\u00e1n por cuenta del cliente.<\/p>\n<h5>3. Condiciones de uso:<\/h5>\n<ul>\n<li>3.1 Estas condiciones generales regulan el acceso y utilizaci\u00f3n del sitio web <a href=\"https:\/\/palagan.es\/\">palagan.es<\/a> pone gratuitamente a disposici\u00f3n de los usuarios de Internet con el fin de proporcionar informaci\u00f3n sobre sus productos, servicios y precios. El acceso al mismo implica su aceptaci\u00f3n sin reservas.<\/li>\n<li>3.2 Se autoriza la visualizaci\u00f3n, impresi\u00f3n y descarga parcial del contenido de la web s\u00f3lo y exclusivamente si se realiza con el exclusivo \u00e1nimo de obtener la informaci\u00f3n contenida para uso personal y privado. Se proh\u00edbe expresamente su utilizaci\u00f3n con fines comerciales o para su distribuci\u00f3n, transformaci\u00f3n o comunicaci\u00f3n p\u00fablica.<\/li>\n<li>3.3 La totalidad de esta p\u00e1gina web (textos, fotograf\u00edas, logotipos, botones, archivos, combinaciones de colores, estructura y presentaci\u00f3n de sus contenidos) se encuentra protegida por las leyes espa\u00f1olas e internacionales sobre propiedad Intelectual e Industrial. Queda expresamente prohibida la reproducci\u00f3n total o parcial de esta p\u00e1gina web y de cualquiera de sus contenidos sin el permiso expreso y por escrito de <a href=\"https:\/\/palagan.es\/\">palagan.es<\/a><\/li>\n<li>3.4 <a href=\"https:\/\/palagan.es\/\">palagan.es<\/a> se reserva el derecho a modificar la oferta comercial del sitio web en cualquier momento y de mantener su contenido actualizado sin obligarse a asegurar una actualizaci\u00f3n plena.<\/li>\n<li>3.5 <a href=\"https:\/\/palagan.es\/\">palagan.es<\/a> , no asume responsabilidad alguna derivada de la concesi\u00f3n o contenidos de los enlaces de terceros a los que se hace referencia en la p\u00e1gina web <a href=\"https:\/\/palagan.es\/\">palagan.es<\/a> , excluyendo cualquier responsabilidad por los da\u00f1os de cualquier clase causados al usuario.<\/li>\n<\/ul>\n<h5>4. Obligaciones del Usuario y\/o Cliente.<\/h5>\n<p>El usuario y\/o cliente de <a href=\"https:\/\/palagan.es\/\">palagan.es<\/a> se compromete en todo momento a facilitar informaci\u00f3n veraz sobre los datos solicitados en los diferentes formularios y\/o solicitudes de informaci\u00f3n o compra.<\/p>\n<h5>5. Descripci\u00f3n de los productos y servicios.<\/h5>\n<ul>\n<li>5.1. Los productos y servicios expuestos en <a href=\"https:\/\/palagan.es\/\">palagan.es<\/a> estar\u00e1n disponibles para su venta.<\/li>\n<li>5.2 Las ofertas est\u00e1n debidamente marcadas e identificadas como tal. Su plazo de validez tiene efectividad mientras aparecen en su pantalla. Dichas ofertas podr\u00e1n ser modificadas o canceladas sin previo aviso.<\/li>\n<li>5.3 La responsabilidad civil de <a href=\"https:\/\/palagan.es\/\">palagan.es<\/a> por los productos y servicios suministrados queda limitada al importe de los mismos; el usuario o consumidor renuncia a reclamar cualquier responsabilidad por cualquier otro concepto en caso de insatisfacci\u00f3n de los productos y servicios adquiridos en esta p\u00e1gina web.<\/li>\n<\/ul>\n<h5>6. Modificaci\u00f3n de las Condiciones Generales.<\/h5>\n<p><a href=\"https:\/\/palagan.es\/\">palagan.es<\/a> podr\u00e1 modificar las Condiciones Generales en el momento que lo estime oportuno. Legislaci\u00f3n aplicable y Jurisdicci\u00f3n competente Las presentes Condiciones Generales se regir\u00e1n e interpretar\u00e1n de acuerdo con las Leyes de Espa\u00f1a. Cualquier litigio relativo a la interpretaci\u00f3n o ejecuci\u00f3n de estas condiciones generales de venta.<\/p>\n","protected":false},"excerpt":{"rendered":"<p>Hemos puesto todo nuestro esfuerzo en el dise\u00f1o de un sitio Web \u00fatil, informativo, f\u00e1cil de usar, honesto y divertido. Esperamos haberlo conseguido, y le pedimos que no dude en hacernos llegar cualquier comentario acerca de mejoras o cambios que considere que pudieran hacer que sea a\u00fan m\u00e1s f\u00e1cil encontrar la informaci\u00f3n que desea. Le [&hellip;]<\/p>\n","protected":false},"author":2,"featured_media":0,"parent":0,"menu_order":0,"comment_status":"closed","ping_status":"closed","template":"","meta":{"footnotes":""},"class_list":["post-311","page","type-page","status-publish","hentry"],"_links":{"self":[{"href":"https:\/\/palagan.es\/index.php\/wp-json\/wp\/v2\/pages\/311","targetHints":{"allow":["GET"]}}],"collection":[{"href":"https:\/\/palagan.es\/index.php\/wp-json\/wp\/v2\/pages"}],"about":[{"href":"https:\/\/palagan.es\/index.php\/wp-json\/wp\/v2\/types\/page"}],"author":[{"embeddable":true,"href":"https:\/\/palagan.es\/index.php\/wp-json\/wp\/v2\/users\/2"}],"replies":[{"embeddable":true,"href":"https:\/\/palagan.es\/index.php\/wp-json\/wp\/v2\/comments?post=311"}],"version-history":[{"count":3,"href":"https:\/\/palagan.es\/index.php\/wp-json\/wp\/v2\/pages\/311\/revisions"}],"predecessor-version":[{"id":313,"href":"https:\/\/palagan.es\/index.php\/wp-json\/wp\/v2\/pages\/311\/revisions\/313"}],"wp:attachment":[{"href":"https:\/\/palagan.es\/index.php\/wp-json\/wp\/v2\/media?parent=311"}],"curies":[{"name":"wp","href":"https:\/\/api.w.org\/{rel}","templated":true}]}}